{"id":2811,"date":"2026-01-09T20:38:42","date_gmt":"2026-01-09T20:38:42","guid":{"rendered":"http:\/\/marytierra.com.mx\/web\/?page_id=2811"},"modified":"2026-01-09T21:00:19","modified_gmt":"2026-01-09T21:00:19","slug":"cesped","status":"publish","type":"page","link":"http:\/\/marytierra.com.mx\/web\/cesped\/","title":{"rendered":"C\u00e9sped"},"content":{"rendered":"\t\t<div data-elementor-type=\"wp-page\" data-elementor-id=\"2811\" class=\"elementor elementor-2811\" data-elementor-post-type=\"page\">\n\t\t\t\t<div class=\"elementor-element elementor-element-3c3f458d e-flex e-con-boxed e-con e-parent\" data-id=\"3c3f458d\" data-element_type=\"container\" data-settings=\"{&quot;background_background&quot;:&quot;classic&quot;}\">\n\t\t\t\t\t<div class=\"e-con-inner\">\n\t\t<div class=\"elementor-element elementor-element-71432320 e-con-full e-flex e-con e-child\" data-id=\"71432320\" data-element_type=\"container\" data-settings=\"{&quot;background_background&quot;:&quot;classic&quot;}\">\n\t\t\t\t<div class=\"elementor-element elementor-element-1b847360 elementor-widget elementor-widget-image\" data-id=\"1b847360\" data-element_type=\"widget\" data-widget_type=\"image.default\">\n\t\t\t\t<div class=\"elementor-widget-container\">\n\t\t\t\t\t\t\t\t\t\t\t\t\t<img decoding=\"async\" width=\"373\" height=\"131\" src=\"http:\/\/marytierra.com.mx\/web\/wp-content\/uploads\/2026\/01\/CESPED-titulo.png\" class=\"attachment-large size-large wp-image-2814\" alt=\"\" srcset=\"http:\/\/marytierra.com.mx\/web\/wp-content\/uploads\/2026\/01\/CESPED-titulo.png 373w, http:\/\/marytierra.com.mx\/web\/wp-content\/uploads\/2026\/01\/CESPED-titulo-300x105.png 300w\" sizes=\"(max-width: 373px) 100vw, 373px\" \/>\t\t\t\t\t\t\t\t\t\t\t\t\t<\/div>\n\t\t\t\t<\/div>\n\t\t\t\t<div class=\"elementor-element elementor-element-5b6e7d40 elementor-widget elementor-widget-heading\" data-id=\"5b6e7d40\" data-element_type=\"widget\" data-widget_type=\"heading.default\">\n\t\t\t\t<div class=\"elementor-widget-container\">\n\t\t\t<h2 class=\"elementor-heading-title elementor-size-default\">Aumenta la densidad del follaje y mantiene un color vibrante en tu jard\u00edn durante todo el a\u00f1o.<\/h2>\t\t<\/div>\n\t\t\t\t<\/div>\n\t\t\t\t<div class=\"elementor-element elementor-element-4d9931 elementor-align-center elementor-widget elementor-widget-button\" data-id=\"4d9931\" data-element_type=\"widget\" data-widget_type=\"button.default\">\n\t\t\t\t<div class=\"elementor-widget-container\">\n\t\t\t\t\t\t\t<div class=\"elementor-button-wrapper\">\n\t\t\t\t\t<a class=\"elementor-button elementor-button-link elementor-size-sm\" href=\"#producto\">\n\t\t\t\t\t\t<span class=\"elementor-button-content-wrapper\">\n\t\t\t\t\t\t\t\t\t<span class=\"elementor-button-text\">Comprar<\/span>\n\t\t\t\t\t<\/span>\n\t\t\t\t\t<\/a>\n\t\t\t\t<\/div>\n\t\t\t\t\t\t<\/div>\n\t\t\t\t<\/div>\n\t\t\t\t<\/div>\n\t\t<div class=\"elementor-element elementor-element-13918ac5 e-con-full e-flex e-con e-child\" data-id=\"13918ac5\" data-element_type=\"container\">\n\t\t\t\t<div class=\"elementor-element elementor-element-25402d19 elementor-widget__width-initial elementor-widget elementor-widget-image\" data-id=\"25402d19\" data-element_type=\"widget\" data-widget_type=\"image.default\">\n\t\t\t\t<div class=\"elementor-widget-container\">\n\t\t\t\t\t\t\t\t\t\t\t\t\t<img fetchpriority=\"high\" decoding=\"async\" width=\"406\" height=\"474\" src=\"http:\/\/marytierra.com.mx\/web\/wp-content\/uploads\/2026\/01\/cesped-productos.png\" class=\"attachment-2048x2048 size-2048x2048 wp-image-2815\" alt=\"\" srcset=\"http:\/\/marytierra.com.mx\/web\/wp-content\/uploads\/2026\/01\/cesped-productos.png 406w, http:\/\/marytierra.com.mx\/web\/wp-content\/uploads\/2026\/01\/cesped-productos-257x300.png 257w\" sizes=\"(max-width: 406px) 100vw, 406px\" \/>\t\t\t\t\t\t\t\t\t\t\t\t\t<\/div>\n\t\t\t\t<\/div>\n\t\t\t\t<\/div>\n\t\t\t\t\t<\/div>\n\t\t\t\t<\/div>\n\t\t<div class=\"elementor-element elementor-element-6b03127e e-flex e-con-boxed e-con e-parent\" data-id=\"6b03127e\" data-element_type=\"container\" data-settings=\"{&quot;background_background&quot;:&quot;classic&quot;}\">\n\t\t\t\t\t<div class=\"e-con-inner\">\n\t\t\t\t<div class=\"elementor-element elementor-element-11254818 elementor-widget elementor-widget-heading\" data-id=\"11254818\" data-element_type=\"widget\" data-widget_type=\"heading.default\">\n\t\t\t\t<div class=\"elementor-widget-container\">\n\t\t\t<h2 class=\"elementor-heading-title elementor-size-default\">\u00a1Transforma tu Huerto y Jard\u00edn con MyTierra!<\/h2>\t\t<\/div>\n\t\t\t\t<\/div>\n\t\t\t\t\t<\/div>\n\t\t\t\t<\/div>\n\t\t<div class=\"elementor-element elementor-element-b0e6279 e-flex e-con-boxed e-con e-parent\" data-id=\"b0e6279\" data-element_type=\"container\">\n\t\t\t\t\t<div class=\"e-con-inner\">\n\t\t<div class=\"elementor-element elementor-element-5593ee77 e-con-full e-flex e-con e-child\" data-id=\"5593ee77\" data-element_type=\"container\">\n\t\t\t\t<div class=\"elementor-element elementor-element-76bc0202 elementor-arrows-position-inside elementor-pagination-position-outside elementor-widget elementor-widget-image-carousel\" data-id=\"76bc0202\" data-element_type=\"widget\" data-settings=\"{&quot;slides_to_show&quot;:&quot;1&quot;,&quot;navigation&quot;:&quot;both&quot;,&quot;autoplay&quot;:&quot;yes&quot;,&quot;pause_on_hover&quot;:&quot;yes&quot;,&quot;pause_on_interaction&quot;:&quot;yes&quot;,&quot;autoplay_speed&quot;:5000,&quot;infinite&quot;:&quot;yes&quot;,&quot;effect&quot;:&quot;slide&quot;,&quot;speed&quot;:500}\" data-widget_type=\"image-carousel.default\">\n\t\t\t\t<div class=\"elementor-widget-container\">\n\t\t\t\t\t<div class=\"elementor-image-carousel-wrapper swiper\" dir=\"ltr\">\n\t\t\t<div class=\"elementor-image-carousel swiper-wrapper\" aria-live=\"off\">\n\t\t\t\t\t\t\t\t<div class=\"swiper-slide\" role=\"group\" aria-roledescription=\"slide\" aria-label=\"1 de 4\"><figure class=\"swiper-slide-inner\"><img decoding=\"async\" class=\"swiper-slide-image\" src=\"http:\/\/marytierra.com.mx\/web\/wp-content\/uploads\/2026\/01\/Cesped-500-ml-img1.png\" alt=\"Cesped 500 ml img1\" \/><\/figure><\/div><div class=\"swiper-slide\" role=\"group\" aria-roledescription=\"slide\" aria-label=\"2 de 4\"><figure class=\"swiper-slide-inner\"><img decoding=\"async\" class=\"swiper-slide-image\" src=\"http:\/\/marytierra.com.mx\/web\/wp-content\/uploads\/2026\/01\/cesped-img2.png\" alt=\"cesped img2\" \/><\/figure><\/div><div class=\"swiper-slide\" role=\"group\" aria-roledescription=\"slide\" aria-label=\"3 de 4\"><figure class=\"swiper-slide-inner\"><img decoding=\"async\" class=\"swiper-slide-image\" src=\"http:\/\/marytierra.com.mx\/web\/wp-content\/uploads\/2026\/01\/cesped-img3.png\" alt=\"cesped img3\" \/><\/figure><\/div><div class=\"swiper-slide\" role=\"group\" aria-roledescription=\"slide\" aria-label=\"4 de 4\"><figure class=\"swiper-slide-inner\"><img decoding=\"async\" class=\"swiper-slide-image\" src=\"http:\/\/marytierra.com.mx\/web\/wp-content\/uploads\/2026\/01\/cesped-img4.png\" alt=\"cesped img4\" \/><\/figure><\/div>\t\t\t<\/div>\n\t\t\t\t\t\t\t\t\t\t\t\t<div class=\"elementor-swiper-button elementor-swiper-button-prev\" role=\"button\" tabindex=\"0\">\n\t\t\t\t\t\t<svg aria-hidden=\"true\" class=\"e-font-icon-svg e-eicon-chevron-left\" viewBox=\"0 0 1000 1000\" xmlns=\"http:\/\/www.w3.org\/2000\/svg\"><path d=\"M646 125C629 125 613 133 604 142L308 442C296 454 292 471 292 487 292 504 296 521 308 533L604 854C617 867 629 875 646 875 663 875 679 871 692 858 704 846 713 829 713 812 713 796 708 779 692 767L438 487 692 225C700 217 708 204 708 187 708 171 704 154 692 142 675 129 663 125 646 125Z\"><\/path><\/svg>\t\t\t\t\t<\/div>\n\t\t\t\t\t<div class=\"elementor-swiper-button elementor-swiper-button-next\" role=\"button\" tabindex=\"0\">\n\t\t\t\t\t\t<svg aria-hidden=\"true\" class=\"e-font-icon-svg e-eicon-chevron-right\" viewBox=\"0 0 1000 1000\" xmlns=\"http:\/\/www.w3.org\/2000\/svg\"><path d=\"M696 533C708 521 713 504 713 487 713 471 708 454 696 446L400 146C388 133 375 125 354 125 338 125 325 129 313 142 300 154 292 171 292 187 292 204 296 221 308 233L563 492 304 771C292 783 288 800 288 817 288 833 296 850 308 863 321 871 338 875 354 875 371 875 388 867 400 854L696 533Z\"><\/path><\/svg>\t\t\t\t\t<\/div>\n\t\t\t\t\n\t\t\t\t\t\t\t\t\t<div class=\"swiper-pagination\"><\/div>\n\t\t\t\t\t\t\t\t\t<\/div>\n\t\t\t\t<\/div>\n\t\t\t\t<\/div>\n\t\t\t\t<\/div>\n\t\t<div class=\"elementor-element elementor-element-1fb1bcdc e-con-full e-flex e-con e-child\" data-id=\"1fb1bcdc\" data-element_type=\"container\">\n\t\t\t\t<div class=\"elementor-element elementor-element-101c3777 elementor-widget elementor-widget-menu-anchor\" data-id=\"101c3777\" data-element_type=\"widget\" data-widget_type=\"menu-anchor.default\">\n\t\t\t\t<div class=\"elementor-widget-container\">\n\t\t\t\t\t<div class=\"elementor-menu-anchor\" id=\"producto\"><\/div>\n\t\t\t\t<\/div>\n\t\t\t\t<\/div>\n\t\t\t\t<div class=\"elementor-element elementor-element-6d2d8af1 elementor-widget elementor-widget-heading\" data-id=\"6d2d8af1\" data-element_type=\"widget\" data-widget_type=\"heading.default\">\n\t\t\t\t<div class=\"elementor-widget-container\">\n\t\t\t<h2 class=\"elementor-heading-title elementor-size-default\">MyTierra<\/h2>\t\t<\/div>\n\t\t\t\t<\/div>\n\t\t\t\t<div class=\"elementor-element elementor-element-3ebd8cd elementor-widget__width-initial elementor-widget elementor-widget-heading\" data-id=\"3ebd8cd\" data-element_type=\"widget\" data-widget_type=\"heading.default\">\n\t\t\t\t<div class=\"elementor-widget-container\">\n\t\t\t<h2 class=\"elementor-heading-title elementor-size-default\">C\u00c9SPED<br>\n\u00c1cidos H\u00famicos Mejorador de suelo org\u00e1nico<\/h2>\t\t<\/div>\n\t\t\t\t<\/div>\n\t\t\t\t<div class=\"elementor-element elementor-element-20ccf3bc elementor-widget elementor-widget-text-editor\" data-id=\"20ccf3bc\" data-element_type=\"widget\" data-widget_type=\"text-editor.default\">\n\t\t\t\t<div class=\"elementor-widget-container\">\n\t\t\t\t\t\t\t<p><strong>\u2022Mejorador de suelos org\u00e1nico que aumenta la retenci\u00f3n de agua y nutrientes:<\/strong><br \/>Gracias a su contenido de \u00c1cidos H\u00famicos y compuestos org\u00e1nicos<br \/>derivados de la descomposici\u00f3n de materia org\u00e1nica, mejoran la<br \/>estructura del suelo, aumentan la retenci\u00f3n de nutrientes y promueven<br \/>el crecimiento saludable de las plantas.<\/p><p><strong>\u2022 Beneficia en todas las etapas:<\/strong><br \/>Acompa\u00f1a y fortalece a tus plantas desde la germinaci\u00f3n hasta la cosecha.<\/p><p><strong>\u2022 Maximiza la eficiencia de fertilizantes:<\/strong><br \/>Potencia el uso de otros fertilizantes para resultados superiores.<\/p>\t\t\t\t\t\t<\/div>\n\t\t\t\t<\/div>\n\t\t\t\t<div class=\"elementor-element elementor-element-7f04f433 elementor-widget elementor-widget-heading\" data-id=\"7f04f433\" data-element_type=\"widget\" data-widget_type=\"heading.default\">\n\t\t\t\t<div class=\"elementor-widget-container\">\n\t\t\t<h2 class=\"elementor-heading-title elementor-size-default\">Presentaci\u00f3n:<\/h2>\t\t<\/div>\n\t\t\t\t<\/div>\n\t\t\t\t<div class=\"elementor-element elementor-element-7cf661ba elementor-widget elementor-widget-image\" data-id=\"7cf661ba\" data-element_type=\"widget\" data-widget_type=\"image.default\">\n\t\t\t\t<div class=\"elementor-widget-container\">\n\t\t\t\t\t\t\t\t\t\t\t\t\t<img decoding=\"async\" width=\"350\" height=\"77\" src=\"http:\/\/marytierra.com.mx\/web\/wp-content\/uploads\/2026\/01\/Presentacion.png\" class=\"attachment-large size-large wp-image-2725\" alt=\"\" srcset=\"http:\/\/marytierra.com.mx\/web\/wp-content\/uploads\/2026\/01\/Presentacion.png 350w, http:\/\/marytierra.com.mx\/web\/wp-content\/uploads\/2026\/01\/Presentacion-300x66.png 300w\" sizes=\"(max-width: 350px) 100vw, 350px\" \/>\t\t\t\t\t\t\t\t\t\t\t\t\t<\/div>\n\t\t\t\t<\/div>\n\t\t\t\t<div class=\"elementor-element elementor-element-10341601 elementor-widget elementor-widget-html\" data-id=\"10341601\" data-element_type=\"widget\" data-widget_type=\"html.default\">\n\t\t\t\t<div class=\"elementor-widget-container\">\n\t\t\t<div id='product-component-1767991046456'><\/div>\r\n<script type=\"text\/javascript\">\r\n\/*<![CDATA[*\/\r\n(function () {\r\n  var scriptURL = 'https:\/\/sdks.shopifycdn.com\/buy-button\/latest\/buy-button-storefront.min.js';\r\n  if (window.ShopifyBuy) {\r\n    if (window.ShopifyBuy.UI) {\r\n      ShopifyBuyInit();\r\n    } else {\r\n      loadScript();\r\n    }\r\n  } else {\r\n    loadScript();\r\n  }\r\n  function loadScript() {\r\n    var script = document.createElement('script');\r\n    script.async = true;\r\n    script.src = scriptURL;\r\n    (document.getElementsByTagName('head')[0] || document.getElementsByTagName('body')[0]).appendChild(script);\r\n    script.onload = ShopifyBuyInit;\r\n  }\r\n  function ShopifyBuyInit() {\r\n    var client = ShopifyBuy.buildClient({\r\n      domain: 'ajd1bg-1n.myshopify.com',\r\n      storefrontAccessToken: '6580823d88165e35b52a04f6b06a2a55',\r\n    });\r\n    ShopifyBuy.UI.onReady(client).then(function (ui) {\r\n      ui.createComponent('product', {\r\n        id: '10759793115409',\r\n        node: document.getElementById('product-component-1767991046456'),\r\n        moneyFormat: '%24%20%7B%7Bamount%7D%7D',\r\n        options: {\r\n  \"product\": {\r\n    \"styles\": {\r\n      \"product\": {\r\n        \"@media (min-width: 601px)\": {\r\n          \"max-width\": \"calc(25% - 20px)\",\r\n          \"margin-left\": \"20px\",\r\n          \"margin-bottom\": \"50px\"\r\n        },\r\n        \"text-align\": \"left\"\r\n      },\r\n      \"button\": {\r\n        \":hover\": {\r\n          \"background-color\": \"#769f31\"\r\n        },\r\n        \"background-color\": \"#83b136\",\r\n        \":focus\": {\r\n          \"background-color\": \"#769f31\"\r\n        },\r\n        \"border-radius\": \"18px\",\r\n        \"padding-left\": \"55px\",\r\n        \"padding-right\": \"55px\"\r\n      }\r\n    },\r\n    \"contents\": {\r\n      \"img\": false,\r\n      \"title\": false,\r\n      \"price\": false\r\n    },\r\n    \"text\": {\r\n      \"button\": \"Agregar al carrito\"\r\n    }\r\n  },\r\n  \"productSet\": {\r\n    \"styles\": {\r\n      \"products\": {\r\n        \"@media (min-width: 601px)\": {\r\n          \"margin-left\": \"-20px\"\r\n        }\r\n      }\r\n    }\r\n  },\r\n  \"modalProduct\": {\r\n    \"contents\": {\r\n      \"img\": false,\r\n      \"imgWithCarousel\": true,\r\n      \"button\": false,\r\n      \"buttonWithQuantity\": true\r\n    },\r\n    \"styles\": {\r\n      \"product\": {\r\n        \"@media (min-width: 601px)\": {\r\n          \"max-width\": \"100%\",\r\n          \"margin-left\": \"0px\",\r\n          \"margin-bottom\": \"0px\"\r\n        }\r\n      },\r\n      \"button\": {\r\n        \":hover\": {\r\n          \"background-color\": \"#769f31\"\r\n        },\r\n        \"background-color\": \"#83b136\",\r\n        \":focus\": {\r\n          \"background-color\": \"#769f31\"\r\n        },\r\n        \"border-radius\": \"18px\",\r\n        \"padding-left\": \"55px\",\r\n        \"padding-right\": \"55px\"\r\n      }\r\n    },\r\n    \"text\": {\r\n      \"button\": \"Add to cart\"\r\n    }\r\n  },\r\n  \"option\": {},\r\n  \"cart\": {\r\n    \"styles\": {\r\n      \"button\": {\r\n        \":hover\": {\r\n          \"background-color\": \"#769f31\"\r\n        },\r\n        \"background-color\": \"#83b136\",\r\n        \":focus\": {\r\n          \"background-color\": \"#769f31\"\r\n        },\r\n        \"border-radius\": \"18px\"\r\n      }\r\n    },\r\n    \"text\": {\r\n      \"title\": \"Carrito\",\r\n      \"total\": \"Subtotal\",\r\n      \"empty\": \"Tu carrito est\u00e1 vac\u00edo.\",\r\n      \"notice\": \"Los costos de env\u00edo y los c\u00f3digos de descuento se aplican en el proceso de pago.\",\r\n      \"button\": \"Pagar\",\r\n      \"noteDescription\": \"Instrucciones especiales para el vendedor\"\r\n    },\r\n    \"contents\": {\r\n      \"note\": true\r\n    }\r\n  },\r\n  \"toggle\": {\r\n    \"styles\": {\r\n      \"toggle\": {\r\n        \"background-color\": \"#83b136\",\r\n        \":hover\": {\r\n          \"background-color\": \"#769f31\"\r\n        },\r\n        \":focus\": {\r\n          \"background-color\": \"#769f31\"\r\n        }\r\n      }\r\n    }\r\n  }\r\n},\r\n      });\r\n    });\r\n  }\r\n})();\r\n\/*]]>*\/\r\n<\/script>\t\t<\/div>\n\t\t\t\t<\/div>\n\t\t\t\t<\/div>\n\t\t\t\t\t<\/div>\n\t\t\t\t<\/div>\n\t\t\t\t<\/div>\n\t\t","protected":false},"excerpt":{"rendered":"<p>Aumenta la densidad del follaje y mantiene un color vibrante en tu jard\u00edn durante todo el a\u00f1o. Comprar \u00a1Transforma tu Huerto y Jard\u00edn con MyTierra! MyTierra C\u00c9SPED \u00c1cidos H\u00famicos Mejorador de suelo org\u00e1nico \u2022Mejorador de suelos org\u00e1nico que aumenta la retenci\u00f3n de agua y nutrientes:Gracias a su contenido de \u00c1cidos H\u00famicos y compuestos org\u00e1nicosderivados de [&hellip;]<\/p>\n","protected":false},"author":1,"featured_media":0,"parent":0,"menu_order":0,"comment_status":"closed","ping_status":"closed","template":"","meta":{"footnotes":""},"class_list":["post-2811","page","type-page","status-publish","hentry"],"_links":{"self":[{"href":"http:\/\/marytierra.com.mx\/web\/wp-json\/wp\/v2\/pages\/2811","targetHints":{"allow":["GET"]}}],"collection":[{"href":"http:\/\/marytierra.com.mx\/web\/wp-json\/wp\/v2\/pages"}],"about":[{"href":"http:\/\/marytierra.com.mx\/web\/wp-json\/wp\/v2\/types\/page"}],"author":[{"embeddable":true,"href":"http:\/\/marytierra.com.mx\/web\/wp-json\/wp\/v2\/users\/1"}],"replies":[{"embeddable":true,"href":"http:\/\/marytierra.com.mx\/web\/wp-json\/wp\/v2\/comments?post=2811"}],"version-history":[{"count":10,"href":"http:\/\/marytierra.com.mx\/web\/wp-json\/wp\/v2\/pages\/2811\/revisions"}],"predecessor-version":[{"id":2828,"href":"http:\/\/marytierra.com.mx\/web\/wp-json\/wp\/v2\/pages\/2811\/revisions\/2828"}],"wp:attachment":[{"href":"http:\/\/marytierra.com.mx\/web\/wp-json\/wp\/v2\/media?parent=2811"}],"curies":[{"name":"wp","href":"https:\/\/api.w.org\/{rel}","templated":true}]}}