{"id":2841,"date":"2026-01-09T21:28:06","date_gmt":"2026-01-09T21:28:06","guid":{"rendered":"http:\/\/marytierra.com.mx\/web\/?page_id=2841"},"modified":"2026-01-09T21:28:15","modified_gmt":"2026-01-09T21:28:15","slug":"todo-verde","status":"publish","type":"page","link":"http:\/\/marytierra.com.mx\/web\/todo-verde\/","title":{"rendered":"Todo Verde"},"content":{"rendered":"\t\t<div data-elementor-type=\"wp-page\" data-elementor-id=\"2841\" class=\"elementor elementor-2841\" data-elementor-post-type=\"page\">\n\t\t\t\t<div class=\"elementor-element elementor-element-3dfc53d e-flex e-con-boxed e-con e-parent\" data-id=\"3dfc53d\" data-element_type=\"container\" data-settings=\"{&quot;background_background&quot;:&quot;classic&quot;}\">\n\t\t\t\t\t<div class=\"e-con-inner\">\n\t\t<div class=\"elementor-element elementor-element-1b7fccf2 e-con-full e-flex e-con e-child\" data-id=\"1b7fccf2\" data-element_type=\"container\" data-settings=\"{&quot;background_background&quot;:&quot;classic&quot;}\">\n\t\t\t\t<div class=\"elementor-element elementor-element-681f6c8a elementor-widget elementor-widget-image\" data-id=\"681f6c8a\" data-element_type=\"widget\" data-widget_type=\"image.default\">\n\t\t\t\t<div class=\"elementor-widget-container\">\n\t\t\t\t\t\t\t\t\t\t\t\t\t<img decoding=\"async\" width=\"453\" height=\"93\" src=\"http:\/\/marytierra.com.mx\/web\/wp-content\/uploads\/2026\/01\/TodoVerde-Titulo.png\" class=\"attachment-large size-large wp-image-2843\" alt=\"\" srcset=\"http:\/\/marytierra.com.mx\/web\/wp-content\/uploads\/2026\/01\/TodoVerde-Titulo.png 453w, http:\/\/marytierra.com.mx\/web\/wp-content\/uploads\/2026\/01\/TodoVerde-Titulo-300x62.png 300w\" sizes=\"(max-width: 453px) 100vw, 453px\" \/>\t\t\t\t\t\t\t\t\t\t\t\t\t<\/div>\n\t\t\t\t<\/div>\n\t\t\t\t<div class=\"elementor-element elementor-element-6cccb674 elementor-widget elementor-widget-heading\" data-id=\"6cccb674\" data-element_type=\"widget\" data-widget_type=\"heading.default\">\n\t\t\t\t<div class=\"elementor-widget-container\">\n\t\t\t<h2 class=\"elementor-heading-title elementor-size-default\">Mejora el verde de tus cultivos<\/h2>\t\t<\/div>\n\t\t\t\t<\/div>\n\t\t\t\t<div class=\"elementor-element elementor-element-3066947d elementor-align-center elementor-widget elementor-widget-button\" data-id=\"3066947d\" data-element_type=\"widget\" data-widget_type=\"button.default\">\n\t\t\t\t<div class=\"elementor-widget-container\">\n\t\t\t\t\t\t\t<div class=\"elementor-button-wrapper\">\n\t\t\t\t\t<a class=\"elementor-button elementor-button-link elementor-size-sm\" href=\"#producto\">\n\t\t\t\t\t\t<span class=\"elementor-button-content-wrapper\">\n\t\t\t\t\t\t\t\t\t<span class=\"elementor-button-text\">Comprar<\/span>\n\t\t\t\t\t<\/span>\n\t\t\t\t\t<\/a>\n\t\t\t\t<\/div>\n\t\t\t\t\t\t<\/div>\n\t\t\t\t<\/div>\n\t\t\t\t<\/div>\n\t\t<div class=\"elementor-element elementor-element-23bc4ed9 e-con-full e-flex e-con e-child\" data-id=\"23bc4ed9\" data-element_type=\"container\">\n\t\t\t\t<div class=\"elementor-element elementor-element-469cd25a elementor-widget__width-initial elementor-widget elementor-widget-image\" data-id=\"469cd25a\" data-element_type=\"widget\" data-widget_type=\"image.default\">\n\t\t\t\t<div class=\"elementor-widget-container\">\n\t\t\t\t\t\t\t\t\t\t\t\t\t<img fetchpriority=\"high\" decoding=\"async\" width=\"412\" height=\"475\" src=\"http:\/\/marytierra.com.mx\/web\/wp-content\/uploads\/2026\/01\/todoverde-productos.png\" class=\"attachment-2048x2048 size-2048x2048 wp-image-2844\" alt=\"\" srcset=\"http:\/\/marytierra.com.mx\/web\/wp-content\/uploads\/2026\/01\/todoverde-productos.png 412w, http:\/\/marytierra.com.mx\/web\/wp-content\/uploads\/2026\/01\/todoverde-productos-260x300.png 260w\" sizes=\"(max-width: 412px) 100vw, 412px\" \/>\t\t\t\t\t\t\t\t\t\t\t\t\t<\/div>\n\t\t\t\t<\/div>\n\t\t\t\t<\/div>\n\t\t\t\t\t<\/div>\n\t\t\t\t<\/div>\n\t\t<div class=\"elementor-element elementor-element-10f3d13f e-flex e-con-boxed e-con e-parent\" data-id=\"10f3d13f\" data-element_type=\"container\" data-settings=\"{&quot;background_background&quot;:&quot;classic&quot;}\">\n\t\t\t\t\t<div class=\"e-con-inner\">\n\t\t\t\t<div class=\"elementor-element elementor-element-3579ed38 elementor-widget elementor-widget-heading\" data-id=\"3579ed38\" data-element_type=\"widget\" data-widget_type=\"heading.default\">\n\t\t\t\t<div class=\"elementor-widget-container\">\n\t\t\t<h2 class=\"elementor-heading-title elementor-size-default\">\u00a1Transforma tu Huerto y Jard\u00edn con MyTierra!<\/h2>\t\t<\/div>\n\t\t\t\t<\/div>\n\t\t\t\t\t<\/div>\n\t\t\t\t<\/div>\n\t\t<div class=\"elementor-element elementor-element-76c4c2ac e-flex e-con-boxed e-con e-parent\" data-id=\"76c4c2ac\" data-element_type=\"container\">\n\t\t\t\t\t<div class=\"e-con-inner\">\n\t\t<div class=\"elementor-element elementor-element-5db9163b e-con-full e-flex e-con e-child\" data-id=\"5db9163b\" data-element_type=\"container\">\n\t\t\t\t<div class=\"elementor-element elementor-element-3b1845a7 elementor-arrows-position-inside elementor-pagination-position-outside elementor-widget elementor-widget-image-carousel\" data-id=\"3b1845a7\" data-element_type=\"widget\" data-settings=\"{&quot;slides_to_show&quot;:&quot;1&quot;,&quot;navigation&quot;:&quot;both&quot;,&quot;autoplay&quot;:&quot;yes&quot;,&quot;pause_on_hover&quot;:&quot;yes&quot;,&quot;pause_on_interaction&quot;:&quot;yes&quot;,&quot;autoplay_speed&quot;:5000,&quot;infinite&quot;:&quot;yes&quot;,&quot;effect&quot;:&quot;slide&quot;,&quot;speed&quot;:500}\" data-widget_type=\"image-carousel.default\">\n\t\t\t\t<div class=\"elementor-widget-container\">\n\t\t\t\t\t<div class=\"elementor-image-carousel-wrapper swiper\" dir=\"ltr\">\n\t\t\t<div class=\"elementor-image-carousel swiper-wrapper\" aria-live=\"off\">\n\t\t\t\t\t\t\t\t<div class=\"swiper-slide\" role=\"group\" aria-roledescription=\"slide\" aria-label=\"1 de 4\"><figure class=\"swiper-slide-inner\"><img decoding=\"async\" class=\"swiper-slide-image\" src=\"http:\/\/marytierra.com.mx\/web\/wp-content\/uploads\/2026\/01\/todoverde-img1.png\" alt=\"todoverde img1\" \/><\/figure><\/div><div class=\"swiper-slide\" role=\"group\" aria-roledescription=\"slide\" aria-label=\"2 de 4\"><figure class=\"swiper-slide-inner\"><img decoding=\"async\" class=\"swiper-slide-image\" src=\"http:\/\/marytierra.com.mx\/web\/wp-content\/uploads\/2026\/01\/todoverde-img2.png\" alt=\"todoverde img2\" \/><\/figure><\/div><div class=\"swiper-slide\" role=\"group\" aria-roledescription=\"slide\" aria-label=\"3 de 4\"><figure class=\"swiper-slide-inner\"><img decoding=\"async\" class=\"swiper-slide-image\" src=\"http:\/\/marytierra.com.mx\/web\/wp-content\/uploads\/2026\/01\/todoverde-img3.png\" alt=\"todoverde img3\" \/><\/figure><\/div><div class=\"swiper-slide\" role=\"group\" aria-roledescription=\"slide\" aria-label=\"4 de 4\"><figure class=\"swiper-slide-inner\"><img decoding=\"async\" class=\"swiper-slide-image\" src=\"http:\/\/marytierra.com.mx\/web\/wp-content\/uploads\/2026\/01\/todoverde-img4.png\" alt=\"todoverde img4\" \/><\/figure><\/div>\t\t\t<\/div>\n\t\t\t\t\t\t\t\t\t\t\t\t<div class=\"elementor-swiper-button elementor-swiper-button-prev\" role=\"button\" tabindex=\"0\">\n\t\t\t\t\t\t<svg aria-hidden=\"true\" class=\"e-font-icon-svg e-eicon-chevron-left\" viewBox=\"0 0 1000 1000\" xmlns=\"http:\/\/www.w3.org\/2000\/svg\"><path d=\"M646 125C629 125 613 133 604 142L308 442C296 454 292 471 292 487 292 504 296 521 308 533L604 854C617 867 629 875 646 875 663 875 679 871 692 858 704 846 713 829 713 812 713 796 708 779 692 767L438 487 692 225C700 217 708 204 708 187 708 171 704 154 692 142 675 129 663 125 646 125Z\"><\/path><\/svg>\t\t\t\t\t<\/div>\n\t\t\t\t\t<div class=\"elementor-swiper-button elementor-swiper-button-next\" role=\"button\" tabindex=\"0\">\n\t\t\t\t\t\t<svg aria-hidden=\"true\" class=\"e-font-icon-svg e-eicon-chevron-right\" viewBox=\"0 0 1000 1000\" xmlns=\"http:\/\/www.w3.org\/2000\/svg\"><path d=\"M696 533C708 521 713 504 713 487 713 471 708 454 696 446L400 146C388 133 375 125 354 125 338 125 325 129 313 142 300 154 292 171 292 187 292 204 296 221 308 233L563 492 304 771C292 783 288 800 288 817 288 833 296 850 308 863 321 871 338 875 354 875 371 875 388 867 400 854L696 533Z\"><\/path><\/svg>\t\t\t\t\t<\/div>\n\t\t\t\t\n\t\t\t\t\t\t\t\t\t<div class=\"swiper-pagination\"><\/div>\n\t\t\t\t\t\t\t\t\t<\/div>\n\t\t\t\t<\/div>\n\t\t\t\t<\/div>\n\t\t\t\t<\/div>\n\t\t<div class=\"elementor-element elementor-element-1c85f9da e-con-full e-flex e-con e-child\" data-id=\"1c85f9da\" data-element_type=\"container\">\n\t\t\t\t<div class=\"elementor-element elementor-element-30c32e4d elementor-widget elementor-widget-menu-anchor\" data-id=\"30c32e4d\" data-element_type=\"widget\" data-widget_type=\"menu-anchor.default\">\n\t\t\t\t<div class=\"elementor-widget-container\">\n\t\t\t\t\t<div class=\"elementor-menu-anchor\" id=\"producto\"><\/div>\n\t\t\t\t<\/div>\n\t\t\t\t<\/div>\n\t\t\t\t<div class=\"elementor-element elementor-element-3c3de54e elementor-widget elementor-widget-heading\" data-id=\"3c3de54e\" data-element_type=\"widget\" data-widget_type=\"heading.default\">\n\t\t\t\t<div class=\"elementor-widget-container\">\n\t\t\t<h2 class=\"elementor-heading-title elementor-size-default\">MyTierra<\/h2>\t\t<\/div>\n\t\t\t\t<\/div>\n\t\t\t\t<div class=\"elementor-element elementor-element-61652f4e elementor-widget__width-initial elementor-widget elementor-widget-heading\" data-id=\"61652f4e\" data-element_type=\"widget\" data-widget_type=\"heading.default\">\n\t\t\t\t<div class=\"elementor-widget-container\">\n\t\t\t<h2 class=\"elementor-heading-title elementor-size-default\">Todo Verde<br>\nFertilizante Org\u00e1nico L\u00edquido Macronutrientes esenciales de origen org\u00e1nico (NPK)<\/h2>\t\t<\/div>\n\t\t\t\t<\/div>\n\t\t\t\t<div class=\"elementor-element elementor-element-36c091b8 elementor-widget elementor-widget-text-editor\" data-id=\"36c091b8\" data-element_type=\"widget\" data-widget_type=\"text-editor.default\">\n\t\t\t\t<div class=\"elementor-widget-container\">\n\t\t\t\t\t\t\t<p><strong>\u2022 Alta concentraci\u00f3n de macronutrientes esenciales:<\/strong><br \/>Nitr\u00f3geno, F\u00f3sforo y Potasio (NPK) de origen org\u00e1nico, vitales para un desarrollo vegetal saludable\u00a0<\/p><p><strong>\u2022 Otorga una nutrici\u00f3n balanceada, siendo un excelente aliado durante toda la etapa de sus plantas:<\/strong><br \/>Fomenta un crecimiento vigoroso y saludable.<\/p><p><strong>\u2022 Estimula el desarrollo radicular y la maduraci\u00f3n de frutos:<\/strong><br \/>Garantiza ra\u00edces fuertes y frutos maduros y abundantes.<\/p><p><strong>\u2022 Optimiza la fotos\u00edntesis y fomenta la s\u00edntesis de clorofila, haciendo plantas mas verdes y fuertes:<\/strong><br \/>Asegura una producci\u00f3n eficiente de energ\u00eda para tus plantas.<\/p>\t\t\t\t\t\t<\/div>\n\t\t\t\t<\/div>\n\t\t\t\t<div class=\"elementor-element elementor-element-2a94127a elementor-widget elementor-widget-heading\" data-id=\"2a94127a\" data-element_type=\"widget\" data-widget_type=\"heading.default\">\n\t\t\t\t<div class=\"elementor-widget-container\">\n\t\t\t<h2 class=\"elementor-heading-title elementor-size-default\">Presentaci\u00f3n:<\/h2>\t\t<\/div>\n\t\t\t\t<\/div>\n\t\t\t\t<div class=\"elementor-element elementor-element-295d9710 elementor-widget elementor-widget-image\" data-id=\"295d9710\" data-element_type=\"widget\" data-widget_type=\"image.default\">\n\t\t\t\t<div class=\"elementor-widget-container\">\n\t\t\t\t\t\t\t\t\t\t\t\t\t<img decoding=\"async\" width=\"350\" height=\"77\" src=\"http:\/\/marytierra.com.mx\/web\/wp-content\/uploads\/2026\/01\/Presentacion.png\" class=\"attachment-large size-large wp-image-2725\" alt=\"\" srcset=\"http:\/\/marytierra.com.mx\/web\/wp-content\/uploads\/2026\/01\/Presentacion.png 350w, http:\/\/marytierra.com.mx\/web\/wp-content\/uploads\/2026\/01\/Presentacion-300x66.png 300w\" sizes=\"(max-width: 350px) 100vw, 350px\" \/>\t\t\t\t\t\t\t\t\t\t\t\t\t<\/div>\n\t\t\t\t<\/div>\n\t\t\t\t<div class=\"elementor-element elementor-element-6996f075 elementor-widget elementor-widget-html\" data-id=\"6996f075\" data-element_type=\"widget\" data-widget_type=\"html.default\">\n\t\t\t\t<div class=\"elementor-widget-container\">\n\t\t\t<div id='product-component-1767994079633'><\/div>\r\n<script type=\"text\/javascript\">\r\n\/*<![CDATA[*\/\r\n(function () {\r\n  var scriptURL = 'https:\/\/sdks.shopifycdn.com\/buy-button\/latest\/buy-button-storefront.min.js';\r\n  if (window.ShopifyBuy) {\r\n    if (window.ShopifyBuy.UI) {\r\n      ShopifyBuyInit();\r\n    } else {\r\n      loadScript();\r\n    }\r\n  } else {\r\n    loadScript();\r\n  }\r\n  function loadScript() {\r\n    var script = document.createElement('script');\r\n    script.async = true;\r\n    script.src = scriptURL;\r\n    (document.getElementsByTagName('head')[0] || document.getElementsByTagName('body')[0]).appendChild(script);\r\n    script.onload = ShopifyBuyInit;\r\n  }\r\n  function ShopifyBuyInit() {\r\n    var client = ShopifyBuy.buildClient({\r\n      domain: 'ajd1bg-1n.myshopify.com',\r\n      storefrontAccessToken: '6580823d88165e35b52a04f6b06a2a55',\r\n    });\r\n    ShopifyBuy.UI.onReady(client).then(function (ui) {\r\n      ui.createComponent('product', {\r\n        id: '10759802093841',\r\n        node: document.getElementById('product-component-1767994079633'),\r\n        moneyFormat: '%24%20%7B%7Bamount%7D%7D',\r\n        options: {\r\n  \"product\": {\r\n    \"styles\": {\r\n      \"product\": {\r\n        \"@media (min-width: 601px)\": {\r\n          \"max-width\": \"calc(25% - 20px)\",\r\n          \"margin-left\": \"20px\",\r\n          \"margin-bottom\": \"50px\"\r\n        },\r\n        \"text-align\": \"left\"\r\n      },\r\n      \"button\": {\r\n        \":hover\": {\r\n          \"background-color\": \"#769f31\"\r\n        },\r\n        \"background-color\": \"#83b136\",\r\n        \":focus\": {\r\n          \"background-color\": \"#769f31\"\r\n        },\r\n        \"border-radius\": \"18px\",\r\n        \"padding-left\": \"55px\",\r\n        \"padding-right\": \"55px\"\r\n      }\r\n    },\r\n    \"contents\": {\r\n      \"img\": false,\r\n      \"title\": false,\r\n      \"price\": false\r\n    },\r\n    \"text\": {\r\n      \"button\": \"Agregar al carrito\"\r\n    }\r\n  },\r\n  \"productSet\": {\r\n    \"styles\": {\r\n      \"products\": {\r\n        \"@media (min-width: 601px)\": {\r\n          \"margin-left\": \"-20px\"\r\n        }\r\n      }\r\n    }\r\n  },\r\n  \"modalProduct\": {\r\n    \"contents\": {\r\n      \"img\": false,\r\n      \"imgWithCarousel\": true,\r\n      \"button\": false,\r\n      \"buttonWithQuantity\": true\r\n    },\r\n    \"styles\": {\r\n      \"product\": {\r\n        \"@media (min-width: 601px)\": {\r\n          \"max-width\": \"100%\",\r\n          \"margin-left\": \"0px\",\r\n          \"margin-bottom\": \"0px\"\r\n        }\r\n      },\r\n      \"button\": {\r\n        \":hover\": {\r\n          \"background-color\": \"#769f31\"\r\n        },\r\n        \"background-color\": \"#83b136\",\r\n        \":focus\": {\r\n          \"background-color\": \"#769f31\"\r\n        },\r\n        \"border-radius\": \"18px\",\r\n        \"padding-left\": \"55px\",\r\n        \"padding-right\": \"55px\"\r\n      }\r\n    },\r\n    \"text\": {\r\n      \"button\": \"Add to cart\"\r\n    }\r\n  },\r\n  \"option\": {},\r\n  \"cart\": {\r\n    \"styles\": {\r\n      \"button\": {\r\n        \":hover\": {\r\n          \"background-color\": \"#769f31\"\r\n        },\r\n        \"background-color\": \"#83b136\",\r\n        \":focus\": {\r\n          \"background-color\": \"#769f31\"\r\n        },\r\n        \"border-radius\": \"18px\"\r\n      }\r\n    },\r\n    \"text\": {\r\n      \"title\": \"Carrito\",\r\n      \"total\": \"Subtotal\",\r\n      \"empty\": \"Tu carrito est\u00e1 vac\u00edo.\",\r\n      \"notice\": \"Los costos de env\u00edo y los c\u00f3digos de descuento se aplican en el proceso de pago.\",\r\n      \"button\": \"Pagar\",\r\n      \"noteDescription\": \"Instrucciones especiales para el vendedor\"\r\n    },\r\n    \"contents\": {\r\n      \"note\": true\r\n    }\r\n  },\r\n  \"toggle\": {\r\n    \"styles\": {\r\n      \"toggle\": {\r\n        \"background-color\": \"#83b136\",\r\n        \":hover\": {\r\n          \"background-color\": \"#769f31\"\r\n        },\r\n        \":focus\": {\r\n          \"background-color\": \"#769f31\"\r\n        }\r\n      }\r\n    }\r\n  }\r\n},\r\n      });\r\n    });\r\n  }\r\n})();\r\n\/*]]>*\/\r\n<\/script>\t\t<\/div>\n\t\t\t\t<\/div>\n\t\t\t\t<\/div>\n\t\t\t\t\t<\/div>\n\t\t\t\t<\/div>\n\t\t\t\t<\/div>\n\t\t","protected":false},"excerpt":{"rendered":"<p>Mejora el verde de tus cultivos Comprar \u00a1Transforma tu Huerto y Jard\u00edn con MyTierra! MyTierra Todo Verde Fertilizante Org\u00e1nico L\u00edquido Macronutrientes esenciales de origen org\u00e1nico (NPK) \u2022 Alta concentraci\u00f3n de macronutrientes esenciales:Nitr\u00f3geno, F\u00f3sforo y Potasio (NPK) de origen org\u00e1nico, vitales para un desarrollo vegetal saludable\u00a0 \u2022 Otorga una nutrici\u00f3n balanceada, siendo un excelente aliado durante [&hellip;]<\/p>\n","protected":false},"author":1,"featured_media":0,"parent":0,"menu_order":0,"comment_status":"closed","ping_status":"closed","template":"","meta":{"footnotes":""},"class_list":["post-2841","page","type-page","status-publish","hentry"],"_links":{"self":[{"href":"http:\/\/marytierra.com.mx\/web\/wp-json\/wp\/v2\/pages\/2841","targetHints":{"allow":["GET"]}}],"collection":[{"href":"http:\/\/marytierra.com.mx\/web\/wp-json\/wp\/v2\/pages"}],"about":[{"href":"http:\/\/marytierra.com.mx\/web\/wp-json\/wp\/v2\/types\/page"}],"author":[{"embeddable":true,"href":"http:\/\/marytierra.com.mx\/web\/wp-json\/wp\/v2\/users\/1"}],"replies":[{"embeddable":true,"href":"http:\/\/marytierra.com.mx\/web\/wp-json\/wp\/v2\/comments?post=2841"}],"version-history":[{"count":4,"href":"http:\/\/marytierra.com.mx\/web\/wp-json\/wp\/v2\/pages\/2841\/revisions"}],"predecessor-version":[{"id":2852,"href":"http:\/\/marytierra.com.mx\/web\/wp-json\/wp\/v2\/pages\/2841\/revisions\/2852"}],"wp:attachment":[{"href":"http:\/\/marytierra.com.mx\/web\/wp-json\/wp\/v2\/media?parent=2841"}],"curies":[{"name":"wp","href":"https:\/\/api.w.org\/{rel}","templated":true}]}}