{"id":2853,"date":"2026-01-09T21:56:10","date_gmt":"2026-01-09T21:56:10","guid":{"rendered":"http:\/\/marytierra.com.mx\/web\/?page_id=2853"},"modified":"2026-01-09T22:01:43","modified_gmt":"2026-01-09T22:01:43","slug":"algamyt","status":"publish","type":"page","link":"http:\/\/marytierra.com.mx\/web\/algamyt\/","title":{"rendered":"Algamyt"},"content":{"rendered":"\t\t<div data-elementor-type=\"wp-page\" data-elementor-id=\"2853\" class=\"elementor elementor-2853\" data-elementor-post-type=\"page\">\n\t\t\t\t<div class=\"elementor-element elementor-element-2a589f9d e-flex e-con-boxed e-con e-parent\" data-id=\"2a589f9d\" data-element_type=\"container\" data-settings=\"{&quot;background_background&quot;:&quot;classic&quot;}\">\n\t\t\t\t\t<div class=\"e-con-inner\">\n\t\t<div class=\"elementor-element elementor-element-4e2ffc01 e-con-full e-flex e-con e-child\" data-id=\"4e2ffc01\" data-element_type=\"container\" data-settings=\"{&quot;background_background&quot;:&quot;classic&quot;}\">\n\t\t\t\t<div class=\"elementor-element elementor-element-faabf88 elementor-widget elementor-widget-image\" data-id=\"faabf88\" data-element_type=\"widget\" data-widget_type=\"image.default\">\n\t\t\t\t<div class=\"elementor-widget-container\">\n\t\t\t\t\t\t\t\t\t\t\t\t\t<img decoding=\"async\" width=\"346\" height=\"113\" src=\"http:\/\/marytierra.com.mx\/web\/wp-content\/uploads\/2026\/01\/Algamyt-titulo.png\" class=\"attachment-large size-large wp-image-2854\" alt=\"\" srcset=\"http:\/\/marytierra.com.mx\/web\/wp-content\/uploads\/2026\/01\/Algamyt-titulo.png 346w, http:\/\/marytierra.com.mx\/web\/wp-content\/uploads\/2026\/01\/Algamyt-titulo-300x98.png 300w\" sizes=\"(max-width: 346px) 100vw, 346px\" \/>\t\t\t\t\t\t\t\t\t\t\t\t\t<\/div>\n\t\t\t\t<\/div>\n\t\t\t\t<div class=\"elementor-element elementor-element-29bdd312 elementor-widget elementor-widget-heading\" data-id=\"29bdd312\" data-element_type=\"widget\" data-widget_type=\"heading.default\">\n\t\t\t\t<div class=\"elementor-widget-container\">\n\t\t\t<h2 class=\"elementor-heading-title elementor-size-default\">Bioestimulante a base de algas marinas<\/h2>\t\t<\/div>\n\t\t\t\t<\/div>\n\t\t\t\t<div class=\"elementor-element elementor-element-3350e88 elementor-align-center elementor-widget elementor-widget-button\" data-id=\"3350e88\" data-element_type=\"widget\" data-widget_type=\"button.default\">\n\t\t\t\t<div class=\"elementor-widget-container\">\n\t\t\t\t\t\t\t<div class=\"elementor-button-wrapper\">\n\t\t\t\t\t<a class=\"elementor-button elementor-button-link elementor-size-sm\" href=\"#producto\">\n\t\t\t\t\t\t<span class=\"elementor-button-content-wrapper\">\n\t\t\t\t\t\t\t\t\t<span class=\"elementor-button-text\">Comprar<\/span>\n\t\t\t\t\t<\/span>\n\t\t\t\t\t<\/a>\n\t\t\t\t<\/div>\n\t\t\t\t\t\t<\/div>\n\t\t\t\t<\/div>\n\t\t\t\t<\/div>\n\t\t<div class=\"elementor-element elementor-element-591c19a8 e-con-full e-flex e-con e-child\" data-id=\"591c19a8\" data-element_type=\"container\">\n\t\t\t\t<div class=\"elementor-element elementor-element-1eebe64a elementor-widget__width-initial elementor-widget elementor-widget-image\" data-id=\"1eebe64a\" data-element_type=\"widget\" data-widget_type=\"image.default\">\n\t\t\t\t<div class=\"elementor-widget-container\">\n\t\t\t\t\t\t\t\t\t\t\t\t\t<img fetchpriority=\"high\" decoding=\"async\" width=\"410\" height=\"475\" src=\"http:\/\/marytierra.com.mx\/web\/wp-content\/uploads\/2026\/01\/Algamyt-productos.png\" class=\"attachment-2048x2048 size-2048x2048 wp-image-2855\" alt=\"\" srcset=\"http:\/\/marytierra.com.mx\/web\/wp-content\/uploads\/2026\/01\/Algamyt-productos.png 410w, http:\/\/marytierra.com.mx\/web\/wp-content\/uploads\/2026\/01\/Algamyt-productos-259x300.png 259w\" sizes=\"(max-width: 410px) 100vw, 410px\" \/>\t\t\t\t\t\t\t\t\t\t\t\t\t<\/div>\n\t\t\t\t<\/div>\n\t\t\t\t<\/div>\n\t\t\t\t\t<\/div>\n\t\t\t\t<\/div>\n\t\t<div class=\"elementor-element elementor-element-32705b7e e-flex e-con-boxed e-con e-parent\" data-id=\"32705b7e\" data-element_type=\"container\" data-settings=\"{&quot;background_background&quot;:&quot;classic&quot;}\">\n\t\t\t\t\t<div class=\"e-con-inner\">\n\t\t\t\t<div class=\"elementor-element elementor-element-10fb6e54 elementor-widget elementor-widget-heading\" data-id=\"10fb6e54\" data-element_type=\"widget\" data-widget_type=\"heading.default\">\n\t\t\t\t<div class=\"elementor-widget-container\">\n\t\t\t<h2 class=\"elementor-heading-title elementor-size-default\">\u00a1Transforma tu Huerto y Jard\u00edn con MyTierra!<\/h2>\t\t<\/div>\n\t\t\t\t<\/div>\n\t\t\t\t\t<\/div>\n\t\t\t\t<\/div>\n\t\t<div class=\"elementor-element elementor-element-3914f295 e-flex e-con-boxed e-con e-parent\" data-id=\"3914f295\" data-element_type=\"container\">\n\t\t\t\t\t<div class=\"e-con-inner\">\n\t\t<div class=\"elementor-element elementor-element-14ec6ea5 e-con-full e-flex e-con e-child\" data-id=\"14ec6ea5\" data-element_type=\"container\">\n\t\t\t\t<div class=\"elementor-element elementor-element-74a8a24e elementor-arrows-position-inside elementor-pagination-position-outside elementor-widget elementor-widget-image-carousel\" data-id=\"74a8a24e\" data-element_type=\"widget\" data-settings=\"{&quot;slides_to_show&quot;:&quot;1&quot;,&quot;navigation&quot;:&quot;both&quot;,&quot;autoplay&quot;:&quot;yes&quot;,&quot;pause_on_hover&quot;:&quot;yes&quot;,&quot;pause_on_interaction&quot;:&quot;yes&quot;,&quot;autoplay_speed&quot;:5000,&quot;infinite&quot;:&quot;yes&quot;,&quot;effect&quot;:&quot;slide&quot;,&quot;speed&quot;:500}\" data-widget_type=\"image-carousel.default\">\n\t\t\t\t<div class=\"elementor-widget-container\">\n\t\t\t\t\t<div class=\"elementor-image-carousel-wrapper swiper\" dir=\"ltr\">\n\t\t\t<div class=\"elementor-image-carousel swiper-wrapper\" aria-live=\"off\">\n\t\t\t\t\t\t\t\t<div class=\"swiper-slide\" role=\"group\" aria-roledescription=\"slide\" aria-label=\"1 de 4\"><figure class=\"swiper-slide-inner\"><img decoding=\"async\" class=\"swiper-slide-image\" src=\"http:\/\/marytierra.com.mx\/web\/wp-content\/uploads\/2026\/01\/Algamyt-500-ml-img1.png\" alt=\"Algamyt 500 ml img1\" \/><\/figure><\/div><div class=\"swiper-slide\" role=\"group\" aria-roledescription=\"slide\" aria-label=\"2 de 4\"><figure class=\"swiper-slide-inner\"><img decoding=\"async\" class=\"swiper-slide-image\" src=\"http:\/\/marytierra.com.mx\/web\/wp-content\/uploads\/2026\/01\/Algamyt-img2.png\" alt=\"Algamyt img2\" \/><\/figure><\/div><div class=\"swiper-slide\" role=\"group\" aria-roledescription=\"slide\" aria-label=\"3 de 4\"><figure class=\"swiper-slide-inner\"><img decoding=\"async\" class=\"swiper-slide-image\" src=\"http:\/\/marytierra.com.mx\/web\/wp-content\/uploads\/2026\/01\/Algamyt-img3.png\" alt=\"Algamyt img3\" \/><\/figure><\/div><div class=\"swiper-slide\" role=\"group\" aria-roledescription=\"slide\" aria-label=\"4 de 4\"><figure class=\"swiper-slide-inner\"><img decoding=\"async\" class=\"swiper-slide-image\" src=\"http:\/\/marytierra.com.mx\/web\/wp-content\/uploads\/2026\/01\/Algamyt-img4.png\" alt=\"Algamyt img4\" \/><\/figure><\/div>\t\t\t<\/div>\n\t\t\t\t\t\t\t\t\t\t\t\t<div class=\"elementor-swiper-button elementor-swiper-button-prev\" role=\"button\" tabindex=\"0\">\n\t\t\t\t\t\t<svg aria-hidden=\"true\" class=\"e-font-icon-svg e-eicon-chevron-left\" viewBox=\"0 0 1000 1000\" xmlns=\"http:\/\/www.w3.org\/2000\/svg\"><path d=\"M646 125C629 125 613 133 604 142L308 442C296 454 292 471 292 487 292 504 296 521 308 533L604 854C617 867 629 875 646 875 663 875 679 871 692 858 704 846 713 829 713 812 713 796 708 779 692 767L438 487 692 225C700 217 708 204 708 187 708 171 704 154 692 142 675 129 663 125 646 125Z\"><\/path><\/svg>\t\t\t\t\t<\/div>\n\t\t\t\t\t<div class=\"elementor-swiper-button elementor-swiper-button-next\" role=\"button\" tabindex=\"0\">\n\t\t\t\t\t\t<svg aria-hidden=\"true\" class=\"e-font-icon-svg e-eicon-chevron-right\" viewBox=\"0 0 1000 1000\" xmlns=\"http:\/\/www.w3.org\/2000\/svg\"><path d=\"M696 533C708 521 713 504 713 487 713 471 708 454 696 446L400 146C388 133 375 125 354 125 338 125 325 129 313 142 300 154 292 171 292 187 292 204 296 221 308 233L563 492 304 771C292 783 288 800 288 817 288 833 296 850 308 863 321 871 338 875 354 875 371 875 388 867 400 854L696 533Z\"><\/path><\/svg>\t\t\t\t\t<\/div>\n\t\t\t\t\n\t\t\t\t\t\t\t\t\t<div class=\"swiper-pagination\"><\/div>\n\t\t\t\t\t\t\t\t\t<\/div>\n\t\t\t\t<\/div>\n\t\t\t\t<\/div>\n\t\t\t\t<\/div>\n\t\t<div class=\"elementor-element elementor-element-27cbd85a e-con-full e-flex e-con e-child\" data-id=\"27cbd85a\" data-element_type=\"container\">\n\t\t\t\t<div class=\"elementor-element elementor-element-4fcaa26c elementor-widget elementor-widget-menu-anchor\" data-id=\"4fcaa26c\" data-element_type=\"widget\" data-widget_type=\"menu-anchor.default\">\n\t\t\t\t<div class=\"elementor-widget-container\">\n\t\t\t\t\t<div class=\"elementor-menu-anchor\" id=\"producto\"><\/div>\n\t\t\t\t<\/div>\n\t\t\t\t<\/div>\n\t\t\t\t<div class=\"elementor-element elementor-element-2822f947 elementor-widget elementor-widget-heading\" data-id=\"2822f947\" data-element_type=\"widget\" data-widget_type=\"heading.default\">\n\t\t\t\t<div class=\"elementor-widget-container\">\n\t\t\t<h2 class=\"elementor-heading-title elementor-size-default\">MyTierra<\/h2>\t\t<\/div>\n\t\t\t\t<\/div>\n\t\t\t\t<div class=\"elementor-element elementor-element-407ed393 elementor-widget__width-initial elementor-widget elementor-widget-heading\" data-id=\"407ed393\" data-element_type=\"widget\" data-widget_type=\"heading.default\">\n\t\t\t\t<div class=\"elementor-widget-container\">\n\t\t\t<h2 class=\"elementor-heading-title elementor-size-default\">Algamyt<br>\nFertilizante Org\u00e1nico L\u00edquido Foliar Bioestimulante a base de algas marinas (Ascophyllum nodossum)<\/h2>\t\t<\/div>\n\t\t\t\t<\/div>\n\t\t\t\t<div class=\"elementor-element elementor-element-70081ec5 elementor-widget elementor-widget-text-editor\" data-id=\"70081ec5\" data-element_type=\"widget\" data-widget_type=\"text-editor.default\">\n\t\t\t\t<div class=\"elementor-widget-container\">\n\t\t\t\t\t\t\t<p><strong>\u2022 Hecho a base de algas marinas Ascophyllum nodossum:<\/strong><br \/>Las cuales promueven el crecimiento vigoroso de las plantas.<\/p><p><strong>\u2022 Estimula el desarrollo vegetal en todas las etapas de la planta:<\/strong><br \/>\u00a1Disfruta de plantas m\u00e1s verdes y frondosas!<\/p><p><strong>\u2022 Apoya en la madurez y llenado de frutos, desarrollando mejores sabores y colores:<\/strong><br \/>Apoya el desarrollo completo de tus plantas.<\/p><p><strong>\u2022Reduce el estr\u00e9s:<\/strong><br \/>Protege a tus plantas de factores adversos.<\/p>\t\t\t\t\t\t<\/div>\n\t\t\t\t<\/div>\n\t\t\t\t<div class=\"elementor-element elementor-element-4714ac00 elementor-widget elementor-widget-heading\" data-id=\"4714ac00\" data-element_type=\"widget\" data-widget_type=\"heading.default\">\n\t\t\t\t<div class=\"elementor-widget-container\">\n\t\t\t<h2 class=\"elementor-heading-title elementor-size-default\">Presentaci\u00f3n:<\/h2>\t\t<\/div>\n\t\t\t\t<\/div>\n\t\t\t\t<div class=\"elementor-element elementor-element-56ea8771 elementor-widget elementor-widget-image\" data-id=\"56ea8771\" data-element_type=\"widget\" data-widget_type=\"image.default\">\n\t\t\t\t<div class=\"elementor-widget-container\">\n\t\t\t\t\t\t\t\t\t\t\t\t\t<img decoding=\"async\" width=\"350\" height=\"77\" src=\"http:\/\/marytierra.com.mx\/web\/wp-content\/uploads\/2026\/01\/Presentacion.png\" class=\"attachment-large size-large wp-image-2725\" alt=\"\" srcset=\"http:\/\/marytierra.com.mx\/web\/wp-content\/uploads\/2026\/01\/Presentacion.png 350w, http:\/\/marytierra.com.mx\/web\/wp-content\/uploads\/2026\/01\/Presentacion-300x66.png 300w\" sizes=\"(max-width: 350px) 100vw, 350px\" \/>\t\t\t\t\t\t\t\t\t\t\t\t\t<\/div>\n\t\t\t\t<\/div>\n\t\t\t\t<div class=\"elementor-element elementor-element-622f2db4 elementor-widget elementor-widget-html\" data-id=\"622f2db4\" data-element_type=\"widget\" data-widget_type=\"html.default\">\n\t\t\t\t<div class=\"elementor-widget-container\">\n\t\t\t<div id='product-component-1767995662432'><\/div>\r\n<script type=\"text\/javascript\">\r\n\/*<![CDATA[*\/\r\n(function () {\r\n  var scriptURL = 'https:\/\/sdks.shopifycdn.com\/buy-button\/latest\/buy-button-storefront.min.js';\r\n  if (window.ShopifyBuy) {\r\n    if (window.ShopifyBuy.UI) {\r\n      ShopifyBuyInit();\r\n    } else {\r\n      loadScript();\r\n    }\r\n  } else {\r\n    loadScript();\r\n  }\r\n  function loadScript() {\r\n    var script = document.createElement('script');\r\n    script.async = true;\r\n    script.src = scriptURL;\r\n    (document.getElementsByTagName('head')[0] || document.getElementsByTagName('body')[0]).appendChild(script);\r\n    script.onload = ShopifyBuyInit;\r\n  }\r\n  function ShopifyBuyInit() {\r\n    var client = ShopifyBuy.buildClient({\r\n      domain: 'ajd1bg-1n.myshopify.com',\r\n      storefrontAccessToken: '6580823d88165e35b52a04f6b06a2a55',\r\n    });\r\n    ShopifyBuy.UI.onReady(client).then(function (ui) {\r\n      ui.createComponent('product', {\r\n        id: '10759806615825',\r\n        node: document.getElementById('product-component-1767995662432'),\r\n        moneyFormat: '%24%20%7B%7Bamount%7D%7D',\r\n        options: {\r\n  \"product\": {\r\n    \"styles\": {\r\n      \"product\": {\r\n        \"@media (min-width: 601px)\": {\r\n          \"max-width\": \"calc(25% - 20px)\",\r\n          \"margin-left\": \"20px\",\r\n          \"margin-bottom\": \"50px\"\r\n        },\r\n        \"text-align\": \"left\"\r\n      },\r\n      \"button\": {\r\n        \":hover\": {\r\n          \"background-color\": \"#769f31\"\r\n        },\r\n        \"background-color\": \"#83b136\",\r\n        \":focus\": {\r\n          \"background-color\": \"#769f31\"\r\n        },\r\n        \"border-radius\": \"18px\",\r\n        \"padding-left\": \"55px\",\r\n        \"padding-right\": \"55px\"\r\n      }\r\n    },\r\n    \"contents\": {\r\n      \"img\": false,\r\n      \"title\": false,\r\n      \"price\": false\r\n    },\r\n    \"text\": {\r\n      \"button\": \"Agregar al carrito\"\r\n    }\r\n  },\r\n  \"productSet\": {\r\n    \"styles\": {\r\n      \"products\": {\r\n        \"@media (min-width: 601px)\": {\r\n          \"margin-left\": \"-20px\"\r\n        }\r\n      }\r\n    }\r\n  },\r\n  \"modalProduct\": {\r\n    \"contents\": {\r\n      \"img\": false,\r\n      \"imgWithCarousel\": true,\r\n      \"button\": false,\r\n      \"buttonWithQuantity\": true\r\n    },\r\n    \"styles\": {\r\n      \"product\": {\r\n        \"@media (min-width: 601px)\": {\r\n          \"max-width\": \"100%\",\r\n          \"margin-left\": \"0px\",\r\n          \"margin-bottom\": \"0px\"\r\n        }\r\n      },\r\n      \"button\": {\r\n        \":hover\": {\r\n          \"background-color\": \"#769f31\"\r\n        },\r\n        \"background-color\": \"#83b136\",\r\n        \":focus\": {\r\n          \"background-color\": \"#769f31\"\r\n        },\r\n        \"border-radius\": \"18px\",\r\n        \"padding-left\": \"55px\",\r\n        \"padding-right\": \"55px\"\r\n      }\r\n    },\r\n    \"text\": {\r\n      \"button\": \"Add to cart\"\r\n    }\r\n  },\r\n  \"option\": {},\r\n  \"cart\": {\r\n    \"styles\": {\r\n      \"button\": {\r\n        \":hover\": {\r\n          \"background-color\": \"#769f31\"\r\n        },\r\n        \"background-color\": \"#83b136\",\r\n        \":focus\": {\r\n          \"background-color\": \"#769f31\"\r\n        },\r\n        \"border-radius\": \"18px\"\r\n      }\r\n    },\r\n    \"text\": {\r\n      \"title\": \"Carrito\",\r\n      \"total\": \"Subtotal\",\r\n      \"empty\": \"Tu carrito est\u00e1 vac\u00edo.\",\r\n      \"notice\": \"Los costos de env\u00edo y los c\u00f3digos de descuento se aplican en el proceso de pago.\",\r\n      \"button\": \"Pagar\",\r\n      \"noteDescription\": \"Instrucciones especiales para el vendedor\"\r\n    },\r\n    \"contents\": {\r\n      \"note\": true\r\n    }\r\n  },\r\n  \"toggle\": {\r\n    \"styles\": {\r\n      \"toggle\": {\r\n        \"background-color\": \"#83b136\",\r\n        \":hover\": {\r\n          \"background-color\": \"#769f31\"\r\n        },\r\n        \":focus\": {\r\n          \"background-color\": \"#769f31\"\r\n        }\r\n      }\r\n    }\r\n  }\r\n},\r\n      });\r\n    });\r\n  }\r\n})();\r\n\/*]]>*\/\r\n<\/script>\t\t<\/div>\n\t\t\t\t<\/div>\n\t\t\t\t<\/div>\n\t\t\t\t\t<\/div>\n\t\t\t\t<\/div>\n\t\t\t\t<\/div>\n\t\t","protected":false},"excerpt":{"rendered":"<p>Bioestimulante a base de algas marinas Comprar \u00a1Transforma tu Huerto y Jard\u00edn con MyTierra! MyTierra Algamyt Fertilizante Org\u00e1nico L\u00edquido Foliar Bioestimulante a base de algas marinas (Ascophyllum nodossum) \u2022 Hecho a base de algas marinas Ascophyllum nodossum:Las cuales promueven el crecimiento vigoroso de las plantas. \u2022 Estimula el desarrollo vegetal en todas las etapas de [&hellip;]<\/p>\n","protected":false},"author":1,"featured_media":0,"parent":0,"menu_order":0,"comment_status":"closed","ping_status":"closed","template":"","meta":{"footnotes":""},"class_list":["post-2853","page","type-page","status-publish","hentry"],"_links":{"self":[{"href":"http:\/\/marytierra.com.mx\/web\/wp-json\/wp\/v2\/pages\/2853","targetHints":{"allow":["GET"]}}],"collection":[{"href":"http:\/\/marytierra.com.mx\/web\/wp-json\/wp\/v2\/pages"}],"about":[{"href":"http:\/\/marytierra.com.mx\/web\/wp-json\/wp\/v2\/types\/page"}],"author":[{"embeddable":true,"href":"http:\/\/marytierra.com.mx\/web\/wp-json\/wp\/v2\/users\/1"}],"replies":[{"embeddable":true,"href":"http:\/\/marytierra.com.mx\/web\/wp-json\/wp\/v2\/comments?post=2853"}],"version-history":[{"count":6,"href":"http:\/\/marytierra.com.mx\/web\/wp-json\/wp\/v2\/pages\/2853\/revisions"}],"predecessor-version":[{"id":2866,"href":"http:\/\/marytierra.com.mx\/web\/wp-json\/wp\/v2\/pages\/2853\/revisions\/2866"}],"wp:attachment":[{"href":"http:\/\/marytierra.com.mx\/web\/wp-json\/wp\/v2\/media?parent=2853"}],"curies":[{"name":"wp","href":"https:\/\/api.w.org\/{rel}","templated":true}]}}