{"id":3,"date":"2022-07-13T17:18:55","date_gmt":"2022-07-13T17:18:55","guid":{"rendered":"http:\/\/marytierra.com.mx\/web\/?page_id=3"},"modified":"2022-10-13T18:12:50","modified_gmt":"2022-10-13T18:12:50","slug":"politica-privacidad","status":"publish","type":"page","link":"http:\/\/marytierra.com.mx\/web\/politica-privacidad\/","title":{"rendered":"Protecci\u00f3n de datos"},"content":{"rendered":"\t\t<div data-elementor-type=\"wp-page\" data-elementor-id=\"3\" class=\"elementor elementor-3\" data-elementor-post-type=\"page\">\n\t\t\t\t\t\t<section class=\"elementor-section elementor-top-section elementor-element elementor-element-754bf12 elementor-section-boxed elementor-section-height-default elementor-section-height-default\" data-id=\"754bf12\" data-element_type=\"section\">\n\t\t\t\t\t\t<div class=\"elementor-container elementor-column-gap-default\">\n\t\t\t\t\t<div class=\"elementor-column elementor-col-100 elementor-top-column elementor-element elementor-element-1c368d0d\" data-id=\"1c368d0d\" data-element_type=\"column\">\n\t\t\t<div class=\"elementor-widget-wrap elementor-element-populated\">\n\t\t\t\t\t\t<div class=\"elementor-element elementor-element-1bcb822f elementor-widget elementor-widget-text-editor\" data-id=\"1bcb822f\" data-element_type=\"widget\" data-widget_type=\"text-editor.default\">\n\t\t\t\t<div class=\"elementor-widget-container\">\n\t\t\t\t\t\t\t<p><strong>Mar y Tierra Fertilizantes Org\u00e1nicos<\/strong><\/p>\n<p>\u00a0<\/p>\n<p>Direcci\u00f3n de las oficinas principales:<\/p>\n<p><span style=\"background-color: transparent; font-family: var( --e-global-typography-text-font-family ), Sans-serif; font-weight: var( --e-global-typography-text-font-weight );\">Huerta #257-1, Col. Vista Hermosa<br \/><\/span>Ensenada, Baja California. M\u00e9xico.<\/p>\n<p>Tel\u00e9fono (646) 152\u20139012<\/p>\n<p>\u00a0<\/p>\n<p><strong>POL\u00cdTICAS DE PRIVACIDAD <\/strong><\/p>\n<p>\u00a0<\/p>\n<p>Las presentes pol\u00edticas de privacidad y confidencialidad aplican para brindar protecci\u00f3n al USUARIO del sitio de Internet http:\/\/www.marytierra.com.mx, patrocinado por la empresa Mar y Tierra Fertilizantes Org\u00e1nicos, en adelante el \u201cMyT\u201d. El uso o navegaci\u00f3n por parte de cualquier persona del sitio de Internet antes mencionado le concede la calidad de USUARIO.<\/p>\n<p>\u00a0<\/p>\n<p><strong>\u00a0Tipo de informaci\u00f3n que se obtiene. <\/strong><\/p>\n<p>El concepto \u201cdatos personales\u201d, en estas pol\u00edticas, se refiere a toda aquella informaci\u00f3n de car\u00e1cter personal (incluyendo sin limitar el nombre, fecha de nacimiento, domicilio o correo electr\u00f3nico) que pueda ser usada para identificaci\u00f3n del USUARIO.<\/p>\n<p>Se ampara en esta pol\u00edtica de privacidad a todos los datos personales que el USUARIO ingrese voluntariamente al sitio de Internet objeto de las presentes pol\u00edticas, durante el proceso de registro y cualquiera otra ocasi\u00f3n. MyT puede usar esta direcci\u00f3n \u201cInternet Protocol\u201d para sistemas administrativos o para recolectar cierta informaci\u00f3n adicional, la cual tendr\u00e1 el mismo car\u00e1cter de confidencialidad.<\/p>\n<p>\u00a0<\/p>\n<p><strong>Declaraci\u00f3n de privacidad. <\/strong><\/p>\n<p>MyT no recopila datos personales sobre el USUARIO, excepto cuando el USUARIO brinde dicha informaci\u00f3n voluntariamente al registrarse en el sitio de Internet se\u00f1alado anteriormente o al enviar alg\u00fan correo electr\u00f3nico u otra comunicaci\u00f3n dirigida a MyT. MyT no procesar\u00e1 ni pondr\u00e1 a disposici\u00f3n de terceros los datos personales sin previo consentimiento del USUARIO, mediante la aceptaci\u00f3n electr\u00f3nica al ingresar sus datos dentro del contenido y funciones del sitio de Internet objeto de las presentes pol\u00edticas.<\/p>\n<p>MyT garantiza al USUARIO el derecho de Privacidad de conformidad con sus Pol\u00edticas de Privacidad. El USUARIO acepta que MyT puede tener acceso a su cuenta de acceso con el fin de responder a necesidades t\u00e9cnicas o de servicio.<\/p>\n<p>\u00a0<\/p>\n<p><strong>Finalidad que tendr\u00e1 la informaci\u00f3n. <\/strong><\/p>\n<p>Los datos personales contenidos en la informaci\u00f3n confidencial son utilizados para proveerle al USUARIO un servicio personalizado y acorde a sus necesidades, en su caso, ofreciendo y\/o enviando publicidad selectiva o contenidos que puedan llegar a serle de inter\u00e9s a consideraci\u00f3n de MyT.<\/p>\n<p>El USUARIO acepta que MyT utilice estos datos personales para fines estad\u00edsticos acumulativos para realizar investigaciones de mercado y otras actividades relacionadas.<\/p>\n<p>\u00a0<\/p>\n<p><strong>COOKIES. <\/strong><\/p>\n<p>Una cookie es un peque\u00f1o fichero de datos generado en la computadora del USUARIO. Ese documento almacenado en la computadora personal del USUARIO contiene informaci\u00f3n que facilita la comunicaci\u00f3n entre \u00e9ste y el sitio Web, por ejemplo el username o password, o cualquier otro dato necesario referente a su identidad o a la configuraci\u00f3n de su navegador.<\/p>\n<p>Cada USUARIO puede activar o desactivar la recepci\u00f3n de cookies en forma voluntaria mediante la selecci\u00f3n de la correspondiente opci\u00f3n en la configuraci\u00f3n de su navegador de Internet; sin embargo es necesario activar esta recepci\u00f3n para navegar e interactuar exitosamente con el contenido de este sitio. Por lo anterior, MyT no se responsabiliza de la desactivaci\u00f3n de las cookies, ya que impedir\u00eda el buen funcionamiento de este sitio de Internet.<\/p>\n<p>\u00a0<\/p>\n<p><strong>Confidencialidad de la informaci\u00f3n. <\/strong><\/p>\n<p>MyT se compromete a no compartir la informaci\u00f3n confidencial proporcionada por el USUARIO con ning\u00fan tercero, excepto que tenga autorizaci\u00f3n del USUARIO. A pesar de su pol\u00edtica de no divulgar los datos personales, MyT podr\u00e1 divulgar dicha informaci\u00f3n: (1) cuando MyT considere dicha informaci\u00f3n necesaria para identificar, comunicarse con, o emprender una acci\u00f3n legal en contra de alguien que pudiera estar perjudicando u obstaculizando los derechos o la propiedad de MyT; (2) seg\u00fan sea necesario para hacer respetar y cumplir los \u201cT\u00e9rminos y condiciones de uso del sitio de Internet\u201d; (3) seg\u00fan lo requiera la legislaci\u00f3n o alguna Autoridad que en el \u00e1mbito de su competencia lo solicite.<\/p>\n<p>De acuerdo a lo explicado anteriormente, el USUARIO entiende y acepta que esta pol\u00edtica de privacidad no aplica a la informaci\u00f3n que el USUARIO proporcione voluntariamente al comunicarse con otras personas mediante correspondencia electr\u00f3nica, en chats y otras actividades similares. Es responsabilidad del USUARIO ser prudente en el tipo de informaci\u00f3n que entrega al participar en estas actividades p\u00fablicas. MyT no se responsabiliza por la privacidad o pol\u00edticas de recolecci\u00f3n de datos de terceros proveedores de servicios y productos o de c\u00f3mo esos terceros proveedores de servicios o productos usen la informaci\u00f3n que el USUARIO brinde.<\/p>\n<p>\u00a0<\/p>\n<p><strong>Modificaci\u00f3n \/ actualizaci\u00f3n \/eliminaci\u00f3n de la informaci\u00f3n personal. <\/strong><\/p>\n<p>Los datos personales proporcionados por el USUARIO formar\u00e1n parte de un archivo que contendr\u00e1 su perfil. Accediendo al mismo, el USUARIO puede modificarlos \/ actualizarlos en cualquier momento. En algunos casos los datos enviados por los usuarios tienen caducidad (expira el tiempo de su aplicaci\u00f3n), o requieren ser actualizados por parte del USUARIO para que MyT pueda brindarle un servicio personalizado. Por este motivo es necesario que cada USUARIO se mantenga actualizado con respecto al estado de sus datos personales; no es responsabilidad de MyT dar un seguimiento de actualizaci\u00f3n de datos de cada USUARIO de este SITIO, puesto que es el USUARIO quien proporciona voluntariamente sus datos.<\/p>\n<p>De acuerdo a la Ley Federal de Protecci\u00f3n de Datos Personales en Posesi\u00f3n de los Particulares, aprobada el d\u00eda 13 de abril del 2010, en los art\u00edculos 3, Fracciones II y VII, y 33, as\u00ed como la denominaci\u00f3n del cap\u00edtulo II, del T\u00edtulo Segundo, de la Ley Federal de Transparencia y Acceso a la Informaci\u00f3n P\u00fablica Gubernamental, le pedimos atentamente en el caso de desear darse de baja de nuestra lista o registro de contactos nos lo indique a trav\u00e9s de la cuenta de correo electr\u00f3nico webmaster@marytierra.com.mx, se\u00f1alando los siguientes requisitos: I.- El nombre del titular y domicilio u otro medio para comunicarle la respuesta a su solicitud; II.- Los documentos que acrediten la identidad o, en su caso, la representaci\u00f3n legal del titular; III.- La descripci\u00f3n clara y precisa de los datos personales respecto de los que se busca ejercer alguno de los siguientes derechos: derechos de acceso, rectificaci\u00f3n, cancelaci\u00f3n u oposici\u00f3n y; IV.- Cualquier otro elemento o documento que facilite la localizaci\u00f3n de los datos personales. Una vez recibida su solicitud ser\u00e1 eliminado de nuestros registros, por lo que le pedimos abstenerse de usar el SITIO y cualquiera de sus servicios incluyendo aquellos servicios en los que le soliciten datos personales.<\/p>\n<p>Al procesar datos personales, MyT se compromete a que nuestro personal y los mecanismos del SITIO de Internet cumplan con los est\u00e1ndares de seguridad y confidencialidad necesarios para procurar la seguridad, integridad y privacidad de la informaci\u00f3n recopilada de los USUARIOS en el SITIO de Internet. MyT tomar\u00e1 medidas razonables para permitir que los USUARIOS actualicen los datos personales que hayan inscrito y cuando el USUARIO lo solicite procurar\u00e1 eliminar sistem\u00e1ticamente el registro del USUARIO y sus datos personales de la base de datos; sin embargo, podr\u00eda ser imposible borrar por completo los datos del USUARIO debido a las copias de seguridad y los registros de los datos eliminados, DE SER AS\u00cd SE COMPROMETE A NOTIFICAR ESTO AL USUARIO QUE SOLICITE SUS DATOS SEAN ELIMINADOS.<\/p>\n<p>\u00a0<\/p>\n<p><strong>Protecci\u00f3n de la informaci\u00f3n personal. <\/strong><\/p>\n<p>La informaci\u00f3n proporcionada por el USUARIO est\u00e1 protegida por diversos mecanismos de seguridad, mediante los cuales el USUARIO podr\u00e1 acceder a ellos. Debido a que ninguna transmisi\u00f3n por Internet puede garantizar su seguridad al 100%, MyT no puede garantizar que la informaci\u00f3n transmitida, utilizando su servicio, sea completamente segura, con lo cual el USUARIO corre su propio riesgo. El USUARIO es el \u00fanico responsable de mantener en secreto su clave y la informaci\u00f3n de su cuenta, que en un momento dado MyT pudiera asignarle. Para disminuir los riesgos, MyT recomienda al USUARIO salir de su cuenta y cerrar la ventana de su navegador cuando finalice su actividad, m\u00e1s a\u00fan si comparte su computadora con alguien o utiliza una computadora en un lugar p\u00fablico como una biblioteca, un cibercaf\u00e9 o cualquier otro.<\/p>\n<p>\u00a0<\/p>\n<p><strong>Aceptaci\u00f3n de los t\u00e9rminos. <\/strong><\/p>\n<p>Esta declaraci\u00f3n de confidencialidad \/ privacidad que describe la Pol\u00edtica de Privacidad de MyT, constituye un acuerdo v\u00e1lido entre el USUARIO y MyT; si el USUARIO utiliza este SITIO y\/o los servicios de MyT, significa que ha le\u00eddo, entendido, aceptado y consecuentemente acordado con MyT los t\u00e9rminos antes expuestos. En caso de no estar de acuerdo con ellos, el USUARIO NO deber\u00e1 proporcionar informaci\u00f3n personal alguna, ni utilizar este servicio o cualquier informaci\u00f3n relacionada con el SITIO de Internet.<\/p>\n<p>Se entender\u00e1 que el USUARIO consiente t\u00e1citamente el tratamiento de sus datos, cuando habi\u00e9ndose puesto a su disposici\u00f3n el presente aviso de privacidad, no manifieste su oposici\u00f3n<\/p>\n<p>\u00a0<\/p>\n<p><strong>Aviso de Privacidad<\/strong><\/p>\n<p><strong>Mar y Tierra Fertilizantes Org\u00e1nicos<\/strong><\/p>\n<p>\u00a0<\/p>\n<ul>\n<li>(En adelante \u201ctitular del sitio web\u201d), es responsable de obtener, utilizar y proteger los datos personales obtenidos a trav\u00e9s de las formas de contacto que en este se presentan.<\/li>\n<li>Los datos solicitados a trav\u00e9s de las formas de contacto que aparecen en el sitio web ser\u00e1n utilizados con el prop\u00f3sito de contactar al usuario, as\u00ed como para proporcionarle informaci\u00f3n sobre servicios, eventos y otros datos que puedan ser de su inter\u00e9s.<\/li>\n<li>El usuario al proporcionar sus datos personales mediante estas formas de contacto da su consentimiento para el uso de esta informaci\u00f3n con los prop\u00f3sitos ya mencionados, as\u00ed como para recibir comunicados sobre la empresa y sus actividades por v\u00eda telef\u00f3nica y electr\u00f3nica.<\/li>\n<li>NOTA: En el caso espec\u00edfico de la v\u00eda telef\u00f3nica, se hace de su conocimiento que Mar y Tierra Fertilizantes Org\u00e1nicos no realiza\/realizar\u00e1 llamadas de contacto en horarios no permitidos, esto quiere decir que nunca se le llamar\u00e1 antes de las 8:00 horas ni despu\u00e9s de las 17:00 horas Tiempo del Pac\u00edfico.<\/li>\n<li>Los campos indicados como obligatorios en la forma de contacto son indispensables para dar seguimiento a la solicitud de informaci\u00f3n del usuario.<\/li>\n<li>Con el fin proporcionar un seguimiento oportuno a su solicitud, el usuario garantiza que los datos proporcionados son veraces y se hace responsable de comunicar al titular del sitio web cualquier modificaci\u00f3n en los mismos. Los datos ser\u00e1n protegidos y utilizados por el titular del sitio web y terceros que esta organizaci\u00f3n contrate para apoyar la comunicaci\u00f3n con el usuario.<\/li>\n<\/ul>\t\t\t\t\t\t<\/div>\n\t\t\t\t<\/div>\n\t\t\t\t\t<\/div>\n\t\t<\/div>\n\t\t\t\t\t<\/div>\n\t\t<\/section>\n\t\t\t\t<\/div>\n\t\t","protected":false},"excerpt":{"rendered":"<p>Mar y Tierra Fertilizantes Org\u00e1nicos \u00a0 Direcci\u00f3n de las oficinas principales: Huerta #257-1, Col. Vista HermosaEnsenada, Baja California. M\u00e9xico. Tel\u00e9fono (646) 152\u20139012 \u00a0 POL\u00cdTICAS DE PRIVACIDAD \u00a0 Las presentes pol\u00edticas de privacidad y confidencialidad aplican para brindar protecci\u00f3n al USUARIO del sitio de Internet http:\/\/www.marytierra.com.mx, patrocinado por la empresa Mar y Tierra Fertilizantes Org\u00e1nicos, en [&hellip;]<\/p>\n","protected":false},"author":1,"featured_media":0,"parent":0,"menu_order":0,"comment_status":"closed","ping_status":"open","template":"","meta":{"footnotes":""},"class_list":["post-3","page","type-page","status-publish","hentry"],"_links":{"self":[{"href":"http:\/\/marytierra.com.mx\/web\/wp-json\/wp\/v2\/pages\/3","targetHints":{"allow":["GET"]}}],"collection":[{"href":"http:\/\/marytierra.com.mx\/web\/wp-json\/wp\/v2\/pages"}],"about":[{"href":"http:\/\/marytierra.com.mx\/web\/wp-json\/wp\/v2\/types\/page"}],"author":[{"embeddable":true,"href":"http:\/\/marytierra.com.mx\/web\/wp-json\/wp\/v2\/users\/1"}],"replies":[{"embeddable":true,"href":"http:\/\/marytierra.com.mx\/web\/wp-json\/wp\/v2\/comments?post=3"}],"version-history":[{"count":6,"href":"http:\/\/marytierra.com.mx\/web\/wp-json\/wp\/v2\/pages\/3\/revisions"}],"predecessor-version":[{"id":1210,"href":"http:\/\/marytierra.com.mx\/web\/wp-json\/wp\/v2\/pages\/3\/revisions\/1210"}],"wp:attachment":[{"href":"http:\/\/marytierra.com.mx\/web\/wp-json\/wp\/v2\/media?parent=3"}],"curies":[{"name":"wp","href":"https:\/\/api.w.org\/{rel}","templated":true}]}}